{"id":12032,"date":"2022-11-30T09:33:33","date_gmt":"2022-11-30T09:33:33","guid":{"rendered":"https:\/\/www.gsaleather.com\/GSA\/?post_type=product&#038;p=12032"},"modified":"2022-11-30T09:33:33","modified_gmt":"2022-11-30T09:33:33","slug":"kahverengi-islemeli-ayakkabi","status":"publish","type":"product","link":"https:\/\/www.gsaleather.com\/GSA\/product\/kahverengi-islemeli-ayakkabi\/","title":{"rendered":"Kahverengi \u0130\u015flemeli Ayakkab\u0131"},"content":{"rendered":"","protected":false},"excerpt":{"rendered":"","protected":false},"featured_media":11769,"comment_status":"closed","ping_status":"closed","template":"","meta":{"_coblocks_attr":"","_coblocks_dimensions":"","_coblocks_responsive_height":"","_coblocks_accordion_ie_support":""},"product_cat":[50],"product_tag":[],"supplier_id":null,"supplier_sku":"","barcode":null,"atum_controlled":true,"out_stock_date":null,"out_stock_threshold":null,"inheritable":false,"inbound_stock":null,"stock_on_hold":0,"sold_today":0,"sales_last_days":0,"reserved_stock":null,"customer_returns":null,"warehouse_damage":null,"lost_in_post":null,"other_logs":null,"out_stock_days":0,"lost_sales":0,"has_location":null,"update_date":"2026-04-18T10:12:16","atum_locations":[],"atum_stock_status":"instock","restock_status":false,"low_stock_amount":"","sales_update_date":"2026-04-18T10:12:16","calc_backorders":null,"_links":{"self":[{"href":"https:\/\/www.gsaleather.com\/GSA\/wp-json\/wp\/v2\/product\/12032"}],"collection":[{"href":"https:\/\/www.gsaleather.com\/GSA\/wp-json\/wp\/v2\/product"}],"about":[{"href":"https:\/\/www.gsaleather.com\/GSA\/wp-json\/wp\/v2\/types\/product"}],"replies":[{"embeddable":true,"href":"https:\/\/www.gsaleather.com\/GSA\/wp-json\/wp\/v2\/comments?post=12032"}],"wp:featuredmedia":[{"embeddable":true,"href":"https:\/\/www.gsaleather.com\/GSA\/wp-json\/wp\/v2\/media\/11769"}],"wp:attachment":[{"href":"https:\/\/www.gsaleather.com\/GSA\/wp-json\/wp\/v2\/media?parent=12032"}],"wp:term":[{"taxonomy":"product_cat","embeddable":true,"href":"https:\/\/www.gsaleather.com\/GSA\/wp-json\/wp\/v2\/product_cat?post=12032"},{"taxonomy":"product_tag","embeddable":true,"href":"https:\/\/www.gsaleather.com\/GSA\/wp-json\/wp\/v2\/product_tag?post=12032"}],"curies":[{"name":"wp","href":"https:\/\/api.w.org\/{rel}","templated":true}]}}