{"id":80,"date":"2022-10-19T12:13:14","date_gmt":"2022-10-19T12:13:14","guid":{"rendered":"http:\/\/www.gsaleather.com\/GSA\/?page_id=80"},"modified":"2022-10-20T12:09:00","modified_gmt":"2022-10-20T12:09:00","slug":"hakkimizda-2","status":"publish","type":"page","link":"https:\/\/www.gsaleather.com\/GSA\/hakkimizda-2\/","title":{"rendered":""},"content":{"rendered":"\n<h2 class=\"has-text-align-left\"><strong>HAKKIMIZDA<\/strong><\/h2>\n\n\n\n<p class=\"has-text-align-left\">Gsa Leather olarak, moda giydi\u011fin de\u011fil sana yak\u0131\u015fand\u0131r d\u00fc\u015f\u00fcncesiyle Tam 5 y\u0131ld\u0131r kurumsal kimli\u011fimizle huzurlar\u0131n\u0131zday\u0131z. Gerek ham deri i\u015fleme gerek tabaklama gerekse \u00fcretim ve sat\u0131\u015f konusunda alan\u0131nda uzman \u00e7a\u011fda\u015f tasar\u0131mc\u0131, zanaatkarlar\u0131m\u0131z ve personellerimizle gece g\u00fcnd\u00fcz demeden sizi memnun edebilmek ad\u0131na \u00e7al\u0131\u015f\u0131yoruz. Hedefimiz yurti\u00e7i ya da yurt d\u0131\u015f\u0131 piyasas\u0131nda kaliteli, g\u00fcvenilir, \u015f\u0131k rahat ve \u00f6zg\u00fcn tasar\u0131m ve koleksiyonlarla d\u00fcnyada \u00f6nde gelen deri markalar\u0131 aras\u0131na girebilmek. Bu hedefimiz ve hayalimiz do\u011frultusunda alaca\u011f\u0131n\u0131z \u00fcr\u00fcnlerin malzemelerini her a\u015famada \u00f6zenle se\u00e7iyoruz. \u00d6zel uzmanl\u0131k ve birikim gerektiren bu alanda; kaliteli timsah derisi, deve t\u00fcy\u00fc, y\u0131lan derisi ve ba\u015fkaca deri malzemeleriyle siz ve sevdikleriniz i\u00e7in \u00f6zel olarak deveku\u015fu ve deriden ayakkab\u0131, y\u0131lan veya timsah derisinden ceket ve timsah derisinden \u00e7anta \u00fcretmekteyiz. Neden bir timsah derisi \u00fcr\u00fcn se\u00e7meliyim derseniz; timsah derisi eski zamanlarda z\u0131rh i\u00e7in bile kullan\u0131labilen kaliteli ve yo\u011fun bir \u00fcr\u00fcnd\u00fcr ayr\u0131ca yumu\u015fak dokusu ve dayan\u0131kl\u0131l\u0131\u011f\u0131 ile bu \u00fcr\u00fcn ilk g\u00fcnk\u00fc yenili\u011fini ve orijinalli\u011fini korur.<\/p>\n\n\n\n<p><\/p>\n\n\n\n<p>\u0130stiyoruz ki her an\u0131n\u0131zda sevebilece\u011finiz en \u015f\u0131k, orijinal ve \u00e7a\u011fda\u015f tasar\u0131m \u00fcr\u00fcnlerimizle yan\u0131n\u0131zda olal\u0131m. Sizi memnun edebilmek ad\u0131na \u00fcretimin en ince ayr\u0131nt\u0131s\u0131ndan tedarikin en ince a\u015famas\u0131na kadar timsah ve deve ku\u015fu t\u00fcy\u00fcnden bir \u00e7ok deri \u00e7anta, ceket, ayakkab\u0131, yelek \u00fcrettik. \u00dcr\u00fcnlerimizi tasarlarken hem g\u00fcndelik hayata uygun g\u00fcnl\u00fck \u015f\u0131kl\u0131\u011f\u0131 ve rahatl\u0131\u011f\u0131 ya\u015fayabilece\u011finiz hem de yumu\u015fak ve kaliteli olmas\u0131yla hi\u00e7bir yerde bulamayaca\u011f\u0131n\u0131z bamba\u015fka bir \u00fcr\u00fcn deneyimleyebilmenizi istedik. Malzemelerimizi tedarik ederken sa\u011fl\u0131\u011f\u0131n\u0131za zarar vermeyecek, nefes alabilen 1.kalite \u00e7e\u015fitli deri t\u00fcrlerinden imal edilmesine \u00f6zen g\u00f6sterdik.<\/p>\n\n\n\n<p><\/p>\n\n\n\n<p>K\u0131sacas\u0131 biz, bir deri ceket, \u00e7anta, ayakkab\u0131, yelekten daha fazlas\u0131y\u0131z, yani size deriden ziyade bir ya\u015fam tarz\u0131 vaat ediyoruz. Siz istedik\u00e7e biz tasar\u0131mc\u0131lar\u0131m\u0131zla g\u00f6z\u00fcn\u00fcze ve g\u00f6nl\u00fcn\u00fcze hitap eden tasar\u0131mlar ortaya koymaya devam edece\u011fiz.<\/p>\n\n\n\n<div class=\"wp-container-1 is-content-justification-center wp-block-buttons\">\n<div class=\"wp-block-button is-style-outline\"><a class=\"wp-block-button__link\" href=\"https:\/\/www.gsaleather.com\/GSA\/\">Ana sayfaya d\u00f6n<\/a><\/div>\n<\/div>\n","protected":false},"excerpt":{"rendered":"<p>HAKKIMIZDA Gsa Leather olarak, moda giydi\u011fin de\u011fil sana yak\u0131\u015fand\u0131r d\u00fc\u015f\u00fcncesiyle&hellip;<\/p>\n<p> <a class=\"more-link\" href=\"https:\/\/www.gsaleather.com\/GSA\/hakkimizda-2\/\">Daha fazla oku<\/a><\/p>\n","protected":false},"author":1,"featured_media":0,"parent":0,"menu_order":0,"comment_status":"closed","ping_status":"closed","template":"","meta":{"_coblocks_attr":"","_coblocks_dimensions":"","_coblocks_responsive_height":"","_coblocks_accordion_ie_support":""},"_links":{"self":[{"href":"https:\/\/www.gsaleather.com\/GSA\/wp-json\/wp\/v2\/pages\/80"}],"collection":[{"href":"https:\/\/www.gsaleather.com\/GSA\/wp-json\/wp\/v2\/pages"}],"about":[{"href":"https:\/\/www.gsaleather.com\/GSA\/wp-json\/wp\/v2\/types\/page"}],"author":[{"embeddable":true,"href":"https:\/\/www.gsaleather.com\/GSA\/wp-json\/wp\/v2\/users\/1"}],"replies":[{"embeddable":true,"href":"https:\/\/www.gsaleather.com\/GSA\/wp-json\/wp\/v2\/comments?post=80"}],"version-history":[{"count":8,"href":"https:\/\/www.gsaleather.com\/GSA\/wp-json\/wp\/v2\/pages\/80\/revisions"}],"predecessor-version":[{"id":157,"href":"https:\/\/www.gsaleather.com\/GSA\/wp-json\/wp\/v2\/pages\/80\/revisions\/157"}],"wp:attachment":[{"href":"https:\/\/www.gsaleather.com\/GSA\/wp-json\/wp\/v2\/media?parent=80"}],"curies":[{"name":"wp","href":"https:\/\/api.w.org\/{rel}","templated":true}]}}