{"id":79,"date":"2022-10-19T12:13:14","date_gmt":"2022-10-19T12:13:14","guid":{"rendered":"http:\/\/www.gsaleather.com\/GSA\/?page_id=79"},"modified":"2024-08-19T12:06:01","modified_gmt":"2024-08-19T12:06:01","slug":"hakkimizda","status":"publish","type":"page","link":"https:\/\/www.gsaleather.com\/GSA\/hakkimizda\/","title":{"rendered":"Hakk\u0131m\u0131zda"},"content":{"rendered":"\t\t<div data-elementor-type=\"wp-page\" data-elementor-id=\"79\" class=\"elementor elementor-79\">\n\t\t\t\t\t\t<section class=\"elementor-section elementor-top-section elementor-element elementor-element-232eb00 elementor-section-boxed elementor-section-height-default elementor-section-height-default\" data-id=\"232eb00\" data-element_type=\"section\">\n\t\t\t\t\t\t<div class=\"elementor-container elementor-column-gap-default\">\n\t\t\t\t\t<div class=\"elementor-column elementor-col-50 elementor-top-column elementor-element elementor-element-116a627\" data-id=\"116a627\" data-element_type=\"column\">\n\t\t\t<div class=\"elementor-widget-wrap elementor-element-populated\">\n\t\t\t\t\t\t<div class=\"elementor-element elementor-element-dd891b9 elementor-widget__width-initial elementor-widget elementor-widget-image\" data-id=\"dd891b9\" data-element_type=\"widget\" data-widget_type=\"image.default\">\n\t\t\t\t<div class=\"elementor-widget-container\">\n\t\t\t<style>\/*! elementor - v3.23.0 - 05-08-2024 *\/\n.elementor-widget-image{text-align:center}.elementor-widget-image a{display:inline-block}.elementor-widget-image a img[src$=\".svg\"]{width:48px}.elementor-widget-image img{vertical-align:middle;display:inline-block}<\/style>\t\t\t\t\t\t\t\t\t\t<img fetchpriority=\"high\" width=\"1600\" height=\"1113\" src=\"https:\/\/www.gsaleather.com\/GSA\/wp-content\/uploads\/2024\/08\/WhatsApp-Image-2024-08-12-at-14.50.44.jpeg\" class=\"attachment-full size-full wp-image-12270\" alt=\"\" srcset=\"https:\/\/www.gsaleather.com\/GSA\/wp-content\/uploads\/2024\/08\/WhatsApp-Image-2024-08-12-at-14.50.44.jpeg 1600w, https:\/\/www.gsaleather.com\/GSA\/wp-content\/uploads\/2024\/08\/WhatsApp-Image-2024-08-12-at-14.50.44-300x209.jpeg 300w, https:\/\/www.gsaleather.com\/GSA\/wp-content\/uploads\/2024\/08\/WhatsApp-Image-2024-08-12-at-14.50.44-1024x712.jpeg 1024w, https:\/\/www.gsaleather.com\/GSA\/wp-content\/uploads\/2024\/08\/WhatsApp-Image-2024-08-12-at-14.50.44-768x534.jpeg 768w, https:\/\/www.gsaleather.com\/GSA\/wp-content\/uploads\/2024\/08\/WhatsApp-Image-2024-08-12-at-14.50.44-1536x1068.jpeg 1536w, https:\/\/www.gsaleather.com\/GSA\/wp-content\/uploads\/2024\/08\/WhatsApp-Image-2024-08-12-at-14.50.44-550x383.jpeg 550w\" sizes=\"(max-width: 1600px) 100vw, 1600px\" \/>\t\t\t\t\t\t\t\t\t\t\t\t\t<\/div>\n\t\t\t\t<\/div>\n\t\t\t\t<div class=\"elementor-element elementor-element-ba7394b elementor-widget elementor-widget-video\" data-id=\"ba7394b\" data-element_type=\"widget\" data-settings=\"{&quot;video_type&quot;:&quot;hosted&quot;,&quot;autoplay&quot;:&quot;yes&quot;,&quot;play_on_mobile&quot;:&quot;yes&quot;,&quot;loop&quot;:&quot;yes&quot;,&quot;controls&quot;:&quot;yes&quot;}\" data-widget_type=\"video.default\">\n\t\t\t\t<div class=\"elementor-widget-container\">\n\t\t\t<style>\/*! elementor - v3.23.0 - 05-08-2024 *\/\n.elementor-widget-video .elementor-widget-container{overflow:hidden;transform:translateZ(0)}.elementor-widget-video .elementor-wrapper{aspect-ratio:var(--video-aspect-ratio)}.elementor-widget-video .elementor-wrapper iframe,.elementor-widget-video .elementor-wrapper video{height:100%;width:100%;display:flex;border:none;background-color:#000}@supports not (aspect-ratio:1\/1){.elementor-widget-video .elementor-wrapper{position:relative;overflow:hidden;height:0;padding-bottom:calc(100% \/ var(--video-aspect-ratio))}.elementor-widget-video .elementor-wrapper iframe,.elementor-widget-video .elementor-wrapper video{position:absolute;top:0;right:0;bottom:0;left:0}}.elementor-widget-video .elementor-open-inline .elementor-custom-embed-image-overlay{position:absolute;top:0;right:0;bottom:0;left:0;background-size:cover;background-position:50%}.elementor-widget-video .elementor-custom-embed-image-overlay{cursor:pointer;text-align:center}.elementor-widget-video .elementor-custom-embed-image-overlay:hover .elementor-custom-embed-play i{opacity:1}.elementor-widget-video .elementor-custom-embed-image-overlay img{display:block;width:100%;aspect-ratio:var(--video-aspect-ratio);-o-object-fit:cover;object-fit:cover;-o-object-position:center center;object-position:center center}@supports not (aspect-ratio:1\/1){.elementor-widget-video .elementor-custom-embed-image-overlay{position:relative;overflow:hidden;height:0;padding-bottom:calc(100% \/ var(--video-aspect-ratio))}.elementor-widget-video .elementor-custom-embed-image-overlay img{position:absolute;top:0;right:0;bottom:0;left:0}}.elementor-widget-video .e-hosted-video .elementor-video{-o-object-fit:cover;object-fit:cover}.e-con-inner>.elementor-widget-video,.e-con>.elementor-widget-video{width:var(--container-widget-width);--flex-grow:var(--container-widget-flex-grow)}<\/style>\t\t<div class=\"e-hosted-video elementor-wrapper elementor-open-inline\">\n\t\t\t\t\t<video class=\"elementor-video\" src=\"https:\/\/www.gsaleather.com\/GSA\/wp-content\/uploads\/2024\/08\/WhatsApp-Video-2024-08-12-at-16.36.40.mp4\" autoplay=\"\" loop=\"\" controls=\"\" playsinline=\"\" controlsList=\"nodownload\"><\/video>\n\t\t\t\t<\/div>\n\t\t\t\t<\/div>\n\t\t\t\t<\/div>\n\t\t\t\t\t<\/div>\n\t\t<\/div>\n\t\t\t\t<div class=\"elementor-column elementor-col-50 elementor-top-column elementor-element elementor-element-8f8c3af\" data-id=\"8f8c3af\" data-element_type=\"column\">\n\t\t\t<div class=\"elementor-widget-wrap elementor-element-populated\">\n\t\t\t\t\t\t<div class=\"elementor-element elementor-element-927e158 elementor-widget elementor-widget-text-editor\" data-id=\"927e158\" data-element_type=\"widget\" data-widget_type=\"text-editor.default\">\n\t\t\t\t<div class=\"elementor-widget-container\">\n\t\t\t<style>\/*! elementor - v3.23.0 - 05-08-2024 *\/\n.elementor-widget-text-editor.elementor-drop-cap-view-stacked .elementor-drop-cap{background-color:#69727d;color:#fff}.elementor-widget-text-editor.elementor-drop-cap-view-framed .elementor-drop-cap{color:#69727d;border:3px solid;background-color:transparent}.elementor-widget-text-editor:not(.elementor-drop-cap-view-default) .elementor-drop-cap{margin-top:8px}.elementor-widget-text-editor:not(.elementor-drop-cap-view-default) .elementor-drop-cap-letter{width:1em;height:1em}.elementor-widget-text-editor .elementor-drop-cap{float:left;text-align:center;line-height:1;font-size:50px}.elementor-widget-text-editor .elementor-drop-cap-letter{display:inline-block}<\/style>\t\t\t\t<p>Biz, do\u011fan\u0131n zarafetini ve benzersizli\u011fini modern ya\u015famla bulu\u015fturan bir marka olarak, egzotik derilerden \u00fcretilmi\u015f \u00f6zel tasar\u0131m \u00fcr\u00fcnler sunuyoruz. Timsah, y\u0131lan ve di\u011fer egzotik hayvan derilerinden \u00fcretilen ayakkab\u0131, \u00e7anta, ceket, kemer ve daha bir\u00e7ok aksesuar ile stil sahibi olman\u0131n ayr\u0131cal\u0131\u011f\u0131n\u0131 ya\u015fat\u0131yoruz.<\/p><p>Her bir \u00fcr\u00fcn\u00fcm\u00fcz, \u00f6zenle se\u00e7ilmi\u015f y\u00fcksek kaliteli deriler kullan\u0131larak, ustal\u0131kla i\u015flenir. Amac\u0131m\u0131z, do\u011fan\u0131n e\u015fsiz dokusunu ve esteti\u011fini, g\u00fcnl\u00fck ya\u015fam\u0131n\u0131za ta\u015f\u0131yan, zamans\u0131z tasar\u0131mlar sunmakt\u0131r. Koleksiyonlar\u0131m\u0131zda hem klasik hem de modern tarzlara hitap eden par\u00e7alar bulabilir, kendi tarz\u0131n\u0131z\u0131 yans\u0131tman\u0131n en \u00f6zg\u00fcn yollar\u0131n\u0131 ke\u015ffedebilirsiniz.<\/p><p>Bizim i\u00e7in kalite, yaln\u0131zca malzemelerin ve i\u015f\u00e7ili\u011fin \u00f6tesine ge\u00e7er; her \u00fcr\u00fcn, s\u00fcrd\u00fcr\u00fclebilirlik ve etik de\u011ferlere sayg\u0131 \u00e7er\u00e7evesinde \u00fcretilir. Do\u011fan\u0131n sundu\u011fu en de\u011ferli kaynaklar\u0131 korumak ve gelecek nesillere aktarmak ad\u0131na, sorumlu bir \u00fcretim s\u00fcreci benimsiyoruz.<\/p><p>Her bir \u00fcr\u00fcn\u00fcm\u00fczde, ince detaylar\u0131n ve el i\u015f\u00e7ili\u011finin verdi\u011fi eme\u011fi hissedecek, kendinizi \u00f6zel ve ayr\u0131cal\u0131kl\u0131 hissedeceksiniz. Siz de do\u011fan\u0131n zarafetini \u00fczerinizde ta\u015f\u0131yarak stilinizi tamamlamak istiyorsan\u0131z, do\u011fru yerdesiniz.<\/p><p>\u00a0<\/p>\t\t\t\t\t\t<\/div>\n\t\t\t\t<\/div>\n\t\t\t\t\t<\/div>\n\t\t<\/div>\n\t\t\t\t\t<\/div>\n\t\t<\/section>\n\t\t\t\t<section class=\"elementor-section elementor-top-section elementor-element elementor-element-55d6e03 elementor-section-boxed elementor-section-height-default elementor-section-height-default\" data-id=\"55d6e03\" data-element_type=\"section\">\n\t\t\t\t\t\t<div class=\"elementor-container elementor-column-gap-default\">\n\t\t\t\t\t<div class=\"elementor-column elementor-col-100 elementor-top-column elementor-element elementor-element-fe542c0\" data-id=\"fe542c0\" data-element_type=\"column\">\n\t\t\t<div class=\"elementor-widget-wrap\">\n\t\t\t\t\t\t\t<\/div>\n\t\t<\/div>\n\t\t\t\t\t<\/div>\n\t\t<\/section>\n\t\t\t\t<\/div>\n\t\t","protected":false},"excerpt":{"rendered":"<p>https:\/\/www.gsaleather.com\/GSA\/wp-content\/uploads\/2024\/08\/WhatsApp-Video-2024-08-12-at-16.36.40.mp4 Biz, do\u011fan\u0131n zarafetini ve benzersizli\u011fini modern ya\u015famla bulu\u015fturan bir&hellip;<\/p>\n<p> <a class=\"more-link\" href=\"https:\/\/www.gsaleather.com\/GSA\/hakkimizda\/\">Daha fazla oku<\/a><\/p>\n","protected":false},"author":1,"featured_media":0,"parent":0,"menu_order":0,"comment_status":"closed","ping_status":"closed","template":"","meta":{"_coblocks_attr":"","_coblocks_dimensions":"","_coblocks_responsive_height":"","_coblocks_accordion_ie_support":""},"_links":{"self":[{"href":"https:\/\/www.gsaleather.com\/GSA\/wp-json\/wp\/v2\/pages\/79"}],"collection":[{"href":"https:\/\/www.gsaleather.com\/GSA\/wp-json\/wp\/v2\/pages"}],"about":[{"href":"https:\/\/www.gsaleather.com\/GSA\/wp-json\/wp\/v2\/types\/page"}],"author":[{"embeddable":true,"href":"https:\/\/www.gsaleather.com\/GSA\/wp-json\/wp\/v2\/users\/1"}],"replies":[{"embeddable":true,"href":"https:\/\/www.gsaleather.com\/GSA\/wp-json\/wp\/v2\/comments?post=79"}],"version-history":[{"count":13,"href":"https:\/\/www.gsaleather.com\/GSA\/wp-json\/wp\/v2\/pages\/79\/revisions"}],"predecessor-version":[{"id":12339,"href":"https:\/\/www.gsaleather.com\/GSA\/wp-json\/wp\/v2\/pages\/79\/revisions\/12339"}],"wp:attachment":[{"href":"https:\/\/www.gsaleather.com\/GSA\/wp-json\/wp\/v2\/media?parent=79"}],"curies":[{"name":"wp","href":"https:\/\/api.w.org\/{rel}","templated":true}]}}